{"id":2819,"date":"2022-04-07T17:10:09","date_gmt":"2022-04-07T20:10:09","guid":{"rendered":"https:\/\/mrpengenharia.com.br\/?page_id=2819"},"modified":"2025-04-14T12:42:56","modified_gmt":"2025-04-14T15:42:56","slug":"obras-agronegocio","status":"publish","type":"page","link":"https:\/\/mrpengenharia.com.br\/?page_id=2819","title":{"rendered":"Obras Agroneg\u00f3cio"},"content":{"rendered":"\t\t<div data-elementor-type=\"wp-page\" data-elementor-id=\"2819\" class=\"elementor elementor-2819\" data-elementor-post-type=\"page\">\n\t\t\t\t\t\t<section class=\"elementor-section elementor-top-section elementor-element elementor-element-d1cd3cf elementor-section-boxed elementor-section-height-default elementor-section-height-default\" data-id=\"d1cd3cf\" data-element_type=\"section\" data-e-type=\"section\" data-settings=\"{&quot;background_background&quot;:&quot;classic&quot;}\">\n\t\t\t\t\t\t<div class=\"elementor-container elementor-column-gap-default\">\n\t\t\t\t\t<div class=\"elementor-column elementor-col-100 elementor-top-column elementor-element elementor-element-eba52ef\" data-id=\"eba52ef\" data-element_type=\"column\" data-e-type=\"column\">\n\t\t\t<div class=\"elementor-widget-wrap elementor-element-populated\">\n\t\t\t\t\t\t<div class=\"elementor-element elementor-element-173d1e6 eael-dual-header-content-align-center elementor-widget elementor-widget-eael-dual-color-header\" data-id=\"173d1e6\" data-element_type=\"widget\" data-e-type=\"widget\" data-widget_type=\"eael-dual-color-header.default\">\n\t\t\t\t<div class=\"elementor-widget-container\">\n\t\t\t\t\t\t\t\t<div class=\"eael-dual-header\">\n\t\t\t\t<h2 class=\"title eael-dch-title\"><span class=\"eael-dch-title-text eael-dch-title-lead lead solid-color\">TRABALHOS<\/span> <span class=\"eael-dch-title-text\">REALIZADOS!<\/span><\/h2>\t\t\t\t\t<span class=\"eael-dch-svg-icon\"><\/span>\t\t\t\t\t\t\t<\/div>\n\n\t\t\t\t\t\t<\/div>\n\t\t\t\t<\/div>\n\t\t\t\t\t<\/div>\n\t\t<\/div>\n\t\t\t\t\t<\/div>\n\t\t<\/section>\n\t\t\t\t<section class=\"elementor-section elementor-top-section elementor-element elementor-element-bbf1347 elementor-section-full_width elementor-section-height-default elementor-section-height-default\" data-id=\"bbf1347\" data-element_type=\"section\" data-e-type=\"section\">\n\t\t\t\t\t\t<div class=\"elementor-container elementor-column-gap-default\">\n\t\t\t\t\t<div class=\"elementor-column elementor-col-100 elementor-top-column elementor-element elementor-element-d88802c\" data-id=\"d88802c\" data-element_type=\"column\" data-e-type=\"column\">\n\t\t\t<div class=\"elementor-widget-wrap elementor-element-populated\">\n\t\t\t\t\t\t<div class=\"elementor-element elementor-element-d62c4d0 elementor-widget elementor-widget-gallery\" data-id=\"d62c4d0\" data-element_type=\"widget\" data-e-type=\"widget\" data-settings=\"{&quot;gap&quot;:{&quot;unit&quot;:&quot;px&quot;,&quot;size&quot;:0,&quot;sizes&quot;:[]},&quot;lazyload&quot;:&quot;yes&quot;,&quot;gallery_layout&quot;:&quot;grid&quot;,&quot;columns&quot;:4,&quot;columns_tablet&quot;:2,&quot;columns_mobile&quot;:1,&quot;gap_tablet&quot;:{&quot;unit&quot;:&quot;px&quot;,&quot;size&quot;:10,&quot;sizes&quot;:[]},&quot;gap_mobile&quot;:{&quot;unit&quot;:&quot;px&quot;,&quot;size&quot;:10,&quot;sizes&quot;:[]},&quot;link_to&quot;:&quot;file&quot;,&quot;aspect_ratio&quot;:&quot;3:2&quot;,&quot;overlay_background&quot;:&quot;yes&quot;,&quot;content_hover_animation&quot;:&quot;fade-in&quot;}\" data-widget_type=\"gallery.default\">\n\t\t\t\t<div class=\"elementor-widget-container\">\n\t\t\t\t\t\t\t<div class=\"elementor-gallery__container\">\n\t\t\t\t\t<\/div>\n\t\t\t\t\t<\/div>\n\t\t\t\t<\/div>\n\t\t\t\t\t<\/div>\n\t\t<\/div>\n\t\t\t\t\t<\/div>\n\t\t<\/section>\n\t\t\t\t<section class=\"elementor-section elementor-top-section elementor-element elementor-element-536bc71 elementor-section-boxed elementor-section-height-default elementor-section-height-default\" data-id=\"536bc71\" data-element_type=\"section\" data-e-type=\"section\" data-settings=\"{&quot;background_background&quot;:&quot;classic&quot;}\">\n\t\t\t\t\t\t<div class=\"elementor-container elementor-column-gap-default\">\n\t\t\t\t\t<div class=\"elementor-column elementor-col-100 elementor-top-column elementor-element elementor-element-866c66e\" data-id=\"866c66e\" data-element_type=\"column\" data-e-type=\"column\">\n\t\t\t<div class=\"elementor-widget-wrap elementor-element-populated\">\n\t\t\t\t\t\t<section class=\"elementor-section elementor-inner-section elementor-element elementor-element-3a5739d elementor-section-boxed elementor-section-height-default elementor-section-height-default\" data-id=\"3a5739d\" data-element_type=\"section\" data-e-type=\"section\">\n\t\t\t\t\t\t<div class=\"elementor-container elementor-column-gap-default\">\n\t\t\t\t\t<div class=\"elementor-column elementor-col-50 elementor-inner-column elementor-element elementor-element-5ac0cdc\" data-id=\"5ac0cdc\" data-element_type=\"column\" data-e-type=\"column\">\n\t\t\t<div class=\"elementor-widget-wrap elementor-element-populated\">\n\t\t\t\t\t\t<div class=\"elementor-element elementor-element-6955701 elementor-widget elementor-widget-image\" data-id=\"6955701\" data-element_type=\"widget\" data-e-type=\"widget\" data-widget_type=\"image.default\">\n\t\t\t\t<div class=\"elementor-widget-container\">\n\t\t\t\t\t\t\t\t\t\t\t\t\t\t\t<img fetchpriority=\"high\" decoding=\"async\" width=\"640\" height=\"560\" src=\"https:\/\/mrpengenharia.com.br\/wp-content\/uploads\/2022\/04\/agro1.jpg\" class=\"attachment-large size-large wp-image-2828\" alt=\"\" srcset=\"https:\/\/mrpengenharia.com.br\/wp-content\/uploads\/2022\/04\/agro1.jpg 800w, https:\/\/mrpengenharia.com.br\/wp-content\/uploads\/2022\/04\/agro1-300x263.jpg 300w, https:\/\/mrpengenharia.com.br\/wp-content\/uploads\/2022\/04\/agro1-768x672.jpg 768w\" sizes=\"(max-width: 640px) 100vw, 640px\" \/>\t\t\t\t\t\t\t\t\t\t\t\t\t\t\t<\/div>\n\t\t\t\t<\/div>\n\t\t\t\t\t<\/div>\n\t\t<\/div>\n\t\t\t\t<div class=\"elementor-column elementor-col-50 elementor-inner-column elementor-element elementor-element-0eeae21\" data-id=\"0eeae21\" data-element_type=\"column\" data-e-type=\"column\">\n\t\t\t<div class=\"elementor-widget-wrap elementor-element-populated\">\n\t\t\t\t\t\t<div class=\"elementor-element elementor-element-1c79d5b elementor-widget elementor-widget-heading\" data-id=\"1c79d5b\" data-element_type=\"widget\" data-e-type=\"widget\" data-widget_type=\"heading.default\">\n\t\t\t\t<div class=\"elementor-widget-container\">\n\t\t\t\t\t<h2 class=\"elementor-heading-title elementor-size-default\">OBRAS AGRONEG\u00d3CIOS<\/h2>\t\t\t\t<\/div>\n\t\t\t\t<\/div>\n\t\t\t\t<div class=\"elementor-element elementor-element-ec10dbf elementor-widget elementor-widget-text-editor\" data-id=\"ec10dbf\" data-element_type=\"widget\" data-e-type=\"widget\" data-widget_type=\"text-editor.default\">\n\t\t\t\t<div class=\"elementor-widget-container\">\n\t\t\t\t\t\t\t\t\t<p><span style=\"font-weight: 400;\">O setor agro precisa de bases s\u00f3lidas para seus investimentos, somos especialistas em grandes obras, na constru\u00e7\u00e3o de balc\u00f5es, haras, silos, oferecemos expertise completa na administra\u00e7\u00e3o de obras para o setor do agroneg\u00f3cio e agroind\u00fastria.<br \/><\/span><span style=\"font-weight: 400;\">Participamos da constru\u00e7\u00e3o dos principais empreendimentos da regi\u00e3o, pode confiar que experi\u00eancia com comprova\u00e7\u00e3o a MRP garante com seus mais de 30 anos no setor.<br \/><\/span><span style=\"font-weight: 400;\">Empres\u00e1rios que contam com a MRP sabem que \u00e9 retorno garantido em seu investimento sem dor de cabe\u00e7a do in\u00edcio at\u00e9 a entrega da obra.<\/span><\/p>\t\t\t\t\t\t\t\t<\/div>\n\t\t\t\t<\/div>\n\t\t\t\t<div class=\"elementor-element elementor-element-e38c882 elementor-widget elementor-widget-heading\" data-id=\"e38c882\" data-element_type=\"widget\" data-e-type=\"widget\" data-widget_type=\"heading.default\">\n\t\t\t\t<div class=\"elementor-widget-container\">\n\t\t\t\t\t<h2 class=\"elementor-heading-title elementor-size-default\">Seja qual for o tamanho de sua obra e propriedade, n\u00f3s somos a escolha certa!<\/h2>\t\t\t\t<\/div>\n\t\t\t\t<\/div>\n\t\t\t\t<div class=\"elementor-element elementor-element-a30b155 elementor-widget elementor-widget-eael-creative-button\" data-id=\"a30b155\" data-element_type=\"widget\" data-e-type=\"widget\" data-widget_type=\"eael-creative-button.default\">\n\t\t\t\t<div class=\"elementor-widget-container\">\n\t\t\t\t\t        <div class=\"eael-creative-button-wrapper\">\n\n            <a class=\"eael-creative-button eael-creative-button--ujarak eael-cb-icon-position-\" href=\"https:\/\/api.whatsapp.com\/send\/?phone=551532823623&#038;text=Ol%C3%A1%21+Tudo+bem%3F+Vim+atrav%C3%A9s+dos+an%C3%BAncios+e+gostaria+de+saber+mais+sobre+os+servi%C3%A7os+da+MRP%21&#038;type=phone_number&#038;app_absent=0\" target=\"_blank\" data-text=\"SOLICITE OR\u00c7AMENTO\">\n            \t    \n                <div class=\"creative-button-inner\">\n\n                    \n                    <span class=\"cretive-button-text\">SOLICITE OR\u00c7AMENTO<\/span>\n\n                                    <\/div>\n\t                        <\/a>\n        <\/div>\n        \t\t\t\t<\/div>\n\t\t\t\t<\/div>\n\t\t\t\t\t<\/div>\n\t\t<\/div>\n\t\t\t\t\t<\/div>\n\t\t<\/section>\n\t\t\t\t\t<\/div>\n\t\t<\/div>\n\t\t\t\t\t<\/div>\n\t\t<\/section>\n\t\t\t\t<section class=\"elementor-section elementor-top-section elementor-element elementor-element-406585d elementor-section-full_width elementor-section-height-default elementor-section-height-default\" data-id=\"406585d\" data-element_type=\"section\" data-e-type=\"section\" data-settings=\"{&quot;background_background&quot;:&quot;classic&quot;}\">\n\t\t\t\t\t\t<div class=\"elementor-container elementor-column-gap-default\">\n\t\t\t\t\t<div class=\"elementor-column elementor-col-100 elementor-top-column elementor-element elementor-element-f369b5f\" data-id=\"f369b5f\" data-element_type=\"column\" data-e-type=\"column\">\n\t\t\t<div class=\"elementor-widget-wrap elementor-element-populated\">\n\t\t\t\t\t\t<div class=\"elementor-element elementor-element-e542eaa elementor-widget elementor-widget-gallery\" data-id=\"e542eaa\" data-element_type=\"widget\" data-e-type=\"widget\" data-settings=\"{&quot;gap&quot;:{&quot;unit&quot;:&quot;px&quot;,&quot;size&quot;:0,&quot;sizes&quot;:[]},&quot;columns_mobile&quot;:2,&quot;gap_mobile&quot;:{&quot;unit&quot;:&quot;px&quot;,&quot;size&quot;:3,&quot;sizes&quot;:[]},&quot;lazyload&quot;:&quot;yes&quot;,&quot;gallery_layout&quot;:&quot;grid&quot;,&quot;columns&quot;:4,&quot;columns_tablet&quot;:2,&quot;gap_tablet&quot;:{&quot;unit&quot;:&quot;px&quot;,&quot;size&quot;:10,&quot;sizes&quot;:[]},&quot;link_to&quot;:&quot;file&quot;,&quot;aspect_ratio&quot;:&quot;3:2&quot;,&quot;overlay_background&quot;:&quot;yes&quot;,&quot;content_hover_animation&quot;:&quot;fade-in&quot;}\" data-widget_type=\"gallery.default\">\n\t\t\t\t<div class=\"elementor-widget-container\">\n\t\t\t\t\t\t\t<div class=\"elementor-gallery__container\">\n\t\t\t\t\t\t\t<a class=\"e-gallery-item elementor-gallery-item elementor-animated-content\" href=\"https:\/\/mrpengenharia.com.br\/wp-content\/uploads\/2022\/04\/0SC_4076.jpg\" data-elementor-open-lightbox=\"yes\" data-elementor-lightbox-slideshow=\"e542eaa\" data-elementor-lightbox-title=\"0SC_4076\" data-e-action-hash=\"#elementor-action%3Aaction%3Dlightbox%26settings%3DeyJpZCI6MjgzNywidXJsIjoiaHR0cHM6XC9cL21ycGVuZ2VuaGFyaWEuY29tLmJyXC93cC1jb250ZW50XC91cGxvYWRzXC8yMDIyXC8wNFwvMFNDXzQwNzYuanBnIiwic2xpZGVzaG93IjoiZTU0MmVhYSJ9\">\n\t\t\t\t\t<div class=\"e-gallery-image elementor-gallery-item__image\" data-thumbnail=\"https:\/\/mrpengenharia.com.br\/wp-content\/uploads\/2022\/04\/0SC_4076.jpg\" data-width=\"1029\" data-height=\"684\" aria-label=\"\" role=\"img\" ><\/div>\n\t\t\t\t\t\t\t\t\t\t\t<div class=\"elementor-gallery-item__overlay\"><\/div>\n\t\t\t\t\t\t\t\t\t\t\t\t\t\t<\/a>\n\t\t\t\t\t\t\t<a class=\"e-gallery-item elementor-gallery-item elementor-animated-content\" href=\"https:\/\/mrpengenharia.com.br\/wp-content\/uploads\/2022\/04\/DSC_5221.jpg\" data-elementor-open-lightbox=\"yes\" data-elementor-lightbox-slideshow=\"e542eaa\" data-elementor-lightbox-title=\"DSC_5221\" data-e-action-hash=\"#elementor-action%3Aaction%3Dlightbox%26settings%3DeyJpZCI6Mjg0MCwidXJsIjoiaHR0cHM6XC9cL21ycGVuZ2VuaGFyaWEuY29tLmJyXC93cC1jb250ZW50XC91cGxvYWRzXC8yMDIyXC8wNFwvRFNDXzUyMjEuanBnIiwic2xpZGVzaG93IjoiZTU0MmVhYSJ9\">\n\t\t\t\t\t<div class=\"e-gallery-image elementor-gallery-item__image\" data-thumbnail=\"https:\/\/mrpengenharia.com.br\/wp-content\/uploads\/2022\/04\/DSC_5221.jpg\" data-width=\"1029\" data-height=\"684\" aria-label=\"\" role=\"img\" ><\/div>\n\t\t\t\t\t\t\t\t\t\t\t<div class=\"elementor-gallery-item__overlay\"><\/div>\n\t\t\t\t\t\t\t\t\t\t\t\t\t\t<\/a>\n\t\t\t\t\t\t\t<a class=\"e-gallery-item elementor-gallery-item elementor-animated-content\" href=\"https:\/\/mrpengenharia.com.br\/wp-content\/uploads\/2022\/04\/20191122_095303.jpg\" data-elementor-open-lightbox=\"yes\" data-elementor-lightbox-slideshow=\"e542eaa\" data-elementor-lightbox-title=\"20191122_095303\" data-e-action-hash=\"#elementor-action%3Aaction%3Dlightbox%26settings%3DeyJpZCI6MjgzOCwidXJsIjoiaHR0cHM6XC9cL21ycGVuZ2VuaGFyaWEuY29tLmJyXC93cC1jb250ZW50XC91cGxvYWRzXC8yMDIyXC8wNFwvMjAxOTExMjJfMDk1MzAzLmpwZyIsInNsaWRlc2hvdyI6ImU1NDJlYWEifQ%3D%3D\">\n\t\t\t\t\t<div class=\"e-gallery-image elementor-gallery-item__image\" data-thumbnail=\"https:\/\/mrpengenharia.com.br\/wp-content\/uploads\/2022\/04\/20191122_095303.jpg\" data-width=\"1000\" data-height=\"563\" aria-label=\"\" role=\"img\" ><\/div>\n\t\t\t\t\t\t\t\t\t\t\t<div class=\"elementor-gallery-item__overlay\"><\/div>\n\t\t\t\t\t\t\t\t\t\t\t\t\t\t<\/a>\n\t\t\t\t\t\t\t<a class=\"e-gallery-item elementor-gallery-item elementor-animated-content\" href=\"https:\/\/mrpengenharia.com.br\/wp-content\/uploads\/2022\/04\/DSC_5117.jpg\" data-elementor-open-lightbox=\"yes\" data-elementor-lightbox-slideshow=\"e542eaa\" data-elementor-lightbox-title=\"DSC_5117\" data-e-action-hash=\"#elementor-action%3Aaction%3Dlightbox%26settings%3DeyJpZCI6MjgzOSwidXJsIjoiaHR0cHM6XC9cL21ycGVuZ2VuaGFyaWEuY29tLmJyXC93cC1jb250ZW50XC91cGxvYWRzXC8yMDIyXC8wNFwvRFNDXzUxMTcuanBnIiwic2xpZGVzaG93IjoiZTU0MmVhYSJ9\">\n\t\t\t\t\t<div class=\"e-gallery-image elementor-gallery-item__image\" data-thumbnail=\"https:\/\/mrpengenharia.com.br\/wp-content\/uploads\/2022\/04\/DSC_5117.jpg\" data-width=\"1029\" data-height=\"684\" aria-label=\"\" role=\"img\" ><\/div>\n\t\t\t\t\t\t\t\t\t\t\t<div class=\"elementor-gallery-item__overlay\"><\/div>\n\t\t\t\t\t\t\t\t\t\t\t\t\t\t<\/a>\n\t\t\t\t\t\t\t<a class=\"e-gallery-item elementor-gallery-item elementor-animated-content\" href=\"https:\/\/mrpengenharia.com.br\/wp-content\/uploads\/2022\/04\/DSC_6366.jpg\" data-elementor-open-lightbox=\"yes\" data-elementor-lightbox-slideshow=\"e542eaa\" data-elementor-lightbox-title=\"DSC_6366\" data-e-action-hash=\"#elementor-action%3Aaction%3Dlightbox%26settings%3DeyJpZCI6Mjg0MSwidXJsIjoiaHR0cHM6XC9cL21ycGVuZ2VuaGFyaWEuY29tLmJyXC93cC1jb250ZW50XC91cGxvYWRzXC8yMDIyXC8wNFwvRFNDXzYzNjYuanBnIiwic2xpZGVzaG93IjoiZTU0MmVhYSJ9\">\n\t\t\t\t\t<div class=\"e-gallery-image elementor-gallery-item__image\" data-thumbnail=\"https:\/\/mrpengenharia.com.br\/wp-content\/uploads\/2022\/04\/DSC_6366.jpg\" data-width=\"1029\" data-height=\"684\" aria-label=\"\" role=\"img\" ><\/div>\n\t\t\t\t\t\t\t\t\t\t\t<div class=\"elementor-gallery-item__overlay\"><\/div>\n\t\t\t\t\t\t\t\t\t\t\t\t\t\t<\/a>\n\t\t\t\t\t\t\t<a class=\"e-gallery-item elementor-gallery-item elementor-animated-content\" href=\"https:\/\/mrpengenharia.com.br\/wp-content\/uploads\/2022\/04\/DSC_7582.jpg\" data-elementor-open-lightbox=\"yes\" data-elementor-lightbox-slideshow=\"e542eaa\" data-elementor-lightbox-title=\"DSC_7582\" data-e-action-hash=\"#elementor-action%3Aaction%3Dlightbox%26settings%3DeyJpZCI6Mjg0MiwidXJsIjoiaHR0cHM6XC9cL21ycGVuZ2VuaGFyaWEuY29tLmJyXC93cC1jb250ZW50XC91cGxvYWRzXC8yMDIyXC8wNFwvRFNDXzc1ODIuanBnIiwic2xpZGVzaG93IjoiZTU0MmVhYSJ9\">\n\t\t\t\t\t<div class=\"e-gallery-image elementor-gallery-item__image\" data-thumbnail=\"https:\/\/mrpengenharia.com.br\/wp-content\/uploads\/2022\/04\/DSC_7582.jpg\" data-width=\"1029\" data-height=\"684\" aria-label=\"\" role=\"img\" ><\/div>\n\t\t\t\t\t\t\t\t\t\t\t<div class=\"elementor-gallery-item__overlay\"><\/div>\n\t\t\t\t\t\t\t\t\t\t\t\t\t\t<\/a>\n\t\t\t\t\t\t\t<a class=\"e-gallery-item elementor-gallery-item elementor-animated-content\" href=\"https:\/\/mrpengenharia.com.br\/wp-content\/uploads\/2022\/04\/DSC_7596.jpg\" data-elementor-open-lightbox=\"yes\" data-elementor-lightbox-slideshow=\"e542eaa\" data-elementor-lightbox-title=\"DSC_7596\" data-e-action-hash=\"#elementor-action%3Aaction%3Dlightbox%26settings%3DeyJpZCI6Mjg0MywidXJsIjoiaHR0cHM6XC9cL21ycGVuZ2VuaGFyaWEuY29tLmJyXC93cC1jb250ZW50XC91cGxvYWRzXC8yMDIyXC8wNFwvRFNDXzc1OTYuanBnIiwic2xpZGVzaG93IjoiZTU0MmVhYSJ9\">\n\t\t\t\t\t<div class=\"e-gallery-image elementor-gallery-item__image\" data-thumbnail=\"https:\/\/mrpengenharia.com.br\/wp-content\/uploads\/2022\/04\/DSC_7596.jpg\" data-width=\"1029\" data-height=\"684\" aria-label=\"\" role=\"img\" ><\/div>\n\t\t\t\t\t\t\t\t\t\t\t<div class=\"elementor-gallery-item__overlay\"><\/div>\n\t\t\t\t\t\t\t\t\t\t\t\t\t\t<\/a>\n\t\t\t\t\t\t\t<a class=\"e-gallery-item elementor-gallery-item elementor-animated-content\" href=\"https:\/\/mrpengenharia.com.br\/wp-content\/uploads\/2022\/04\/hn3-13.jpg\" data-elementor-open-lightbox=\"yes\" data-elementor-lightbox-slideshow=\"e542eaa\" data-elementor-lightbox-title=\"hn3 (13)\" data-e-action-hash=\"#elementor-action%3Aaction%3Dlightbox%26settings%3DeyJpZCI6Mjg0NCwidXJsIjoiaHR0cHM6XC9cL21ycGVuZ2VuaGFyaWEuY29tLmJyXC93cC1jb250ZW50XC91cGxvYWRzXC8yMDIyXC8wNFwvaG4zLTEzLmpwZyIsInNsaWRlc2hvdyI6ImU1NDJlYWEifQ%3D%3D\">\n\t\t\t\t\t<div class=\"e-gallery-image elementor-gallery-item__image\" data-thumbnail=\"https:\/\/mrpengenharia.com.br\/wp-content\/uploads\/2022\/04\/hn3-13.jpg\" data-width=\"1000\" data-height=\"563\" aria-label=\"\" role=\"img\" ><\/div>\n\t\t\t\t\t\t\t\t\t\t\t<div class=\"elementor-gallery-item__overlay\"><\/div>\n\t\t\t\t\t\t\t\t\t\t\t\t\t\t<\/a>\n\t\t\t\t\t\t\t<a class=\"e-gallery-item elementor-gallery-item elementor-animated-content\" href=\"https:\/\/mrpengenharia.com.br\/wp-content\/uploads\/2022\/04\/hn3-31.jpg\" data-elementor-open-lightbox=\"yes\" data-elementor-lightbox-slideshow=\"e542eaa\" data-elementor-lightbox-title=\"hn3 (31)\" data-e-action-hash=\"#elementor-action%3Aaction%3Dlightbox%26settings%3DeyJpZCI6Mjg0NSwidXJsIjoiaHR0cHM6XC9cL21ycGVuZ2VuaGFyaWEuY29tLmJyXC93cC1jb250ZW50XC91cGxvYWRzXC8yMDIyXC8wNFwvaG4zLTMxLmpwZyIsInNsaWRlc2hvdyI6ImU1NDJlYWEifQ%3D%3D\">\n\t\t\t\t\t<div class=\"e-gallery-image elementor-gallery-item__image\" data-thumbnail=\"https:\/\/mrpengenharia.com.br\/wp-content\/uploads\/2022\/04\/hn3-31.jpg\" data-width=\"1000\" data-height=\"563\" aria-label=\"\" role=\"img\" ><\/div>\n\t\t\t\t\t\t\t\t\t\t\t<div class=\"elementor-gallery-item__overlay\"><\/div>\n\t\t\t\t\t\t\t\t\t\t\t\t\t\t<\/a>\n\t\t\t\t\t\t\t<a class=\"e-gallery-item elementor-gallery-item elementor-animated-content\" href=\"https:\/\/mrpengenharia.com.br\/wp-content\/uploads\/2022\/04\/hr-229.jpg\" data-elementor-open-lightbox=\"yes\" data-elementor-lightbox-slideshow=\"e542eaa\" data-elementor-lightbox-title=\"hr (229)\" data-e-action-hash=\"#elementor-action%3Aaction%3Dlightbox%26settings%3DeyJpZCI6Mjg0NiwidXJsIjoiaHR0cHM6XC9cL21ycGVuZ2VuaGFyaWEuY29tLmJyXC93cC1jb250ZW50XC91cGxvYWRzXC8yMDIyXC8wNFwvaHItMjI5LmpwZyIsInNsaWRlc2hvdyI6ImU1NDJlYWEifQ%3D%3D\">\n\t\t\t\t\t<div class=\"e-gallery-image elementor-gallery-item__image\" data-thumbnail=\"https:\/\/mrpengenharia.com.br\/wp-content\/uploads\/2022\/04\/hr-229.jpg\" data-width=\"1029\" data-height=\"684\" aria-label=\"\" role=\"img\" ><\/div>\n\t\t\t\t\t\t\t\t\t\t\t<div class=\"elementor-gallery-item__overlay\"><\/div>\n\t\t\t\t\t\t\t\t\t\t\t\t\t\t<\/a>\n\t\t\t\t\t\t\t<a class=\"e-gallery-item elementor-gallery-item elementor-animated-content\" href=\"https:\/\/mrpengenharia.com.br\/wp-content\/uploads\/2022\/04\/hr-275.jpg\" data-elementor-open-lightbox=\"yes\" data-elementor-lightbox-slideshow=\"e542eaa\" data-elementor-lightbox-title=\"hr (275)\" data-e-action-hash=\"#elementor-action%3Aaction%3Dlightbox%26settings%3DeyJpZCI6Mjg0NywidXJsIjoiaHR0cHM6XC9cL21ycGVuZ2VuaGFyaWEuY29tLmJyXC93cC1jb250ZW50XC91cGxvYWRzXC8yMDIyXC8wNFwvaHItMjc1LmpwZyIsInNsaWRlc2hvdyI6ImU1NDJlYWEifQ%3D%3D\">\n\t\t\t\t\t<div class=\"e-gallery-image elementor-gallery-item__image\" data-thumbnail=\"https:\/\/mrpengenharia.com.br\/wp-content\/uploads\/2022\/04\/hr-275.jpg\" data-width=\"1029\" data-height=\"684\" aria-label=\"\" role=\"img\" ><\/div>\n\t\t\t\t\t\t\t\t\t\t\t<div class=\"elementor-gallery-item__overlay\"><\/div>\n\t\t\t\t\t\t\t\t\t\t\t\t\t\t<\/a>\n\t\t\t\t\t\t\t<a class=\"e-gallery-item elementor-gallery-item elementor-animated-content\" href=\"https:\/\/mrpengenharia.com.br\/wp-content\/uploads\/2022\/04\/hr-308.jpg\" data-elementor-open-lightbox=\"yes\" data-elementor-lightbox-slideshow=\"e542eaa\" data-elementor-lightbox-title=\"hr (308)\" data-e-action-hash=\"#elementor-action%3Aaction%3Dlightbox%26settings%3DeyJpZCI6Mjg0OCwidXJsIjoiaHR0cHM6XC9cL21ycGVuZ2VuaGFyaWEuY29tLmJyXC93cC1jb250ZW50XC91cGxvYWRzXC8yMDIyXC8wNFwvaHItMzA4LmpwZyIsInNsaWRlc2hvdyI6ImU1NDJlYWEifQ%3D%3D\">\n\t\t\t\t\t<div class=\"e-gallery-image elementor-gallery-item__image\" data-thumbnail=\"https:\/\/mrpengenharia.com.br\/wp-content\/uploads\/2022\/04\/hr-308.jpg\" data-width=\"1029\" data-height=\"684\" aria-label=\"\" role=\"img\" ><\/div>\n\t\t\t\t\t\t\t\t\t\t\t<div class=\"elementor-gallery-item__overlay\"><\/div>\n\t\t\t\t\t\t\t\t\t\t\t\t\t\t<\/a>\n\t\t\t\t\t\t\t<a class=\"e-gallery-item elementor-gallery-item elementor-animated-content\" href=\"https:\/\/mrpengenharia.com.br\/wp-content\/uploads\/2022\/04\/IMG-20191217-WA0016.jpg\" data-elementor-open-lightbox=\"yes\" data-elementor-lightbox-slideshow=\"e542eaa\" data-elementor-lightbox-title=\"IMG-20191217-WA0016\" data-e-action-hash=\"#elementor-action%3Aaction%3Dlightbox%26settings%3DeyJpZCI6Mjg0OSwidXJsIjoiaHR0cHM6XC9cL21ycGVuZ2VuaGFyaWEuY29tLmJyXC93cC1jb250ZW50XC91cGxvYWRzXC8yMDIyXC8wNFwvSU1HLTIwMTkxMjE3LVdBMDAxNi5qcGciLCJzbGlkZXNob3ciOiJlNTQyZWFhIn0%3D\">\n\t\t\t\t\t<div class=\"e-gallery-image elementor-gallery-item__image\" data-thumbnail=\"https:\/\/mrpengenharia.com.br\/wp-content\/uploads\/2022\/04\/IMG-20191217-WA0016.jpg\" data-width=\"648\" data-height=\"1152\" aria-label=\"\" role=\"img\" ><\/div>\n\t\t\t\t\t\t\t\t\t\t\t<div class=\"elementor-gallery-item__overlay\"><\/div>\n\t\t\t\t\t\t\t\t\t\t\t\t\t\t<\/a>\n\t\t\t\t\t\t\t<a class=\"e-gallery-item elementor-gallery-item elementor-animated-content\" href=\"https:\/\/mrpengenharia.com.br\/wp-content\/uploads\/2022\/04\/IMG-20200624-WA0043.jpg\" data-elementor-open-lightbox=\"yes\" data-elementor-lightbox-slideshow=\"e542eaa\" data-elementor-lightbox-title=\"IMG-20200624-WA0043\" data-e-action-hash=\"#elementor-action%3Aaction%3Dlightbox%26settings%3DeyJpZCI6Mjg1MCwidXJsIjoiaHR0cHM6XC9cL21ycGVuZ2VuaGFyaWEuY29tLmJyXC93cC1jb250ZW50XC91cGxvYWRzXC8yMDIyXC8wNFwvSU1HLTIwMjAwNjI0LVdBMDA0My5qcGciLCJzbGlkZXNob3ciOiJlNTQyZWFhIn0%3D\">\n\t\t\t\t\t<div class=\"e-gallery-image elementor-gallery-item__image\" data-thumbnail=\"https:\/\/mrpengenharia.com.br\/wp-content\/uploads\/2022\/04\/IMG-20200624-WA0043.jpg\" data-width=\"1280\" data-height=\"960\" aria-label=\"\" role=\"img\" ><\/div>\n\t\t\t\t\t\t\t\t\t\t\t<div class=\"elementor-gallery-item__overlay\"><\/div>\n\t\t\t\t\t\t\t\t\t\t\t\t\t\t<\/a>\n\t\t\t\t\t\t\t<a class=\"e-gallery-item elementor-gallery-item elementor-animated-content\" href=\"https:\/\/mrpengenharia.com.br\/wp-content\/uploads\/2022\/04\/20190510_151350.jpg\" data-elementor-open-lightbox=\"yes\" data-elementor-lightbox-slideshow=\"e542eaa\" data-elementor-lightbox-title=\"20190510_151350\" data-e-action-hash=\"#elementor-action%3Aaction%3Dlightbox%26settings%3DeyJpZCI6MzEyOCwidXJsIjoiaHR0cHM6XC9cL21ycGVuZ2VuaGFyaWEuY29tLmJyXC93cC1jb250ZW50XC91cGxvYWRzXC8yMDIyXC8wNFwvMjAxOTA1MTBfMTUxMzUwLmpwZyIsInNsaWRlc2hvdyI6ImU1NDJlYWEifQ%3D%3D\">\n\t\t\t\t\t<div class=\"e-gallery-image elementor-gallery-item__image\" data-thumbnail=\"https:\/\/mrpengenharia.com.br\/wp-content\/uploads\/2022\/04\/20190510_151350.jpg\" data-width=\"1000\" data-height=\"486\" aria-label=\"\" role=\"img\" ><\/div>\n\t\t\t\t\t\t\t\t\t\t\t<div class=\"elementor-gallery-item__overlay\"><\/div>\n\t\t\t\t\t\t\t\t\t\t\t\t\t\t<\/a>\n\t\t\t\t\t\t\t<a class=\"e-gallery-item elementor-gallery-item elementor-animated-content\" href=\"https:\/\/mrpengenharia.com.br\/wp-content\/uploads\/2022\/04\/hr-262.jpg\" data-elementor-open-lightbox=\"yes\" data-elementor-lightbox-slideshow=\"e542eaa\" data-elementor-lightbox-title=\"hr (262)\" data-e-action-hash=\"#elementor-action%3Aaction%3Dlightbox%26settings%3DeyJpZCI6MzEyOSwidXJsIjoiaHR0cHM6XC9cL21ycGVuZ2VuaGFyaWEuY29tLmJyXC93cC1jb250ZW50XC91cGxvYWRzXC8yMDIyXC8wNFwvaHItMjYyLmpwZyIsInNsaWRlc2hvdyI6ImU1NDJlYWEifQ%3D%3D\">\n\t\t\t\t\t<div class=\"e-gallery-image elementor-gallery-item__image\" data-thumbnail=\"https:\/\/mrpengenharia.com.br\/wp-content\/uploads\/2022\/04\/hr-262.jpg\" data-width=\"1029\" data-height=\"684\" aria-label=\"\" role=\"img\" ><\/div>\n\t\t\t\t\t\t\t\t\t\t\t<div class=\"elementor-gallery-item__overlay\"><\/div>\n\t\t\t\t\t\t\t\t\t\t\t\t\t\t<\/a>\n\t\t\t\t\t<\/div>\n\t\t\t\t\t<\/div>\n\t\t\t\t<\/div>\n\t\t\t\t\t<\/div>\n\t\t<\/div>\n\t\t\t\t\t<\/div>\n\t\t<\/section>\n\t\t\t\t<\/div>\n\t\t","protected":false},"excerpt":{"rendered":"<p>TRABALHOS REALIZADOS! OBRAS AGRONEG\u00d3CIOS O setor agro precisa de bases s\u00f3lidas para seus investimentos, somos especialistas em grandes obras, na constru\u00e7\u00e3o de balc\u00f5es, haras, silos, oferecemos expertise completa na administra\u00e7\u00e3o de obras para o setor do agroneg\u00f3cio e agroind\u00fastria.Participamos da constru\u00e7\u00e3o dos principais empreendimentos da regi\u00e3o, pode confiar que experi\u00eancia com comprova\u00e7\u00e3o a MRP garante [&hellip;]<\/p>\n","protected":false},"author":1,"featured_media":0,"parent":0,"menu_order":0,"comment_status":"closed","ping_status":"closed","template":"elementor_header_footer","meta":{"_joinchat":[],"footnotes":""},"class_list":["post-2819","page","type-page","status-publish","hentry"],"_links":{"self":[{"href":"https:\/\/mrpengenharia.com.br\/index.php?rest_route=\/wp\/v2\/pages\/2819","targetHints":{"allow":["GET"]}}],"collection":[{"href":"https:\/\/mrpengenharia.com.br\/index.php?rest_route=\/wp\/v2\/pages"}],"about":[{"href":"https:\/\/mrpengenharia.com.br\/index.php?rest_route=\/wp\/v2\/types\/page"}],"author":[{"embeddable":true,"href":"https:\/\/mrpengenharia.com.br\/index.php?rest_route=\/wp\/v2\/users\/1"}],"replies":[{"embeddable":true,"href":"https:\/\/mrpengenharia.com.br\/index.php?rest_route=%2Fwp%2Fv2%2Fcomments&post=2819"}],"version-history":[{"count":0,"href":"https:\/\/mrpengenharia.com.br\/index.php?rest_route=\/wp\/v2\/pages\/2819\/revisions"}],"wp:attachment":[{"href":"https:\/\/mrpengenharia.com.br\/index.php?rest_route=%2Fwp%2Fv2%2Fmedia&parent=2819"}],"curies":[{"name":"wp","href":"https:\/\/api.w.org\/{rel}","templated":true}]}}